{"id":268,"date":"2008-09-27T11:09:22","date_gmt":"2008-09-27T18:09:22","guid":{"rendered":"http:\/\/aharon.varady.net\/omphalos\/?page_id=268"},"modified":"2023-06-27T10:13:31","modified_gmt":"2023-06-27T17:13:31","slug":"resume","status":"publish","type":"page","link":"https:\/\/aharon.varady.net\/omphalos\/resume","title":{"rendered":"Resum\u00e9"},"content":{"rendered":"<h3>AHARON N. VARADY<\/h3>\n<p><!-- Community Planner (MCP), Educator (MAJEd)\n\n\n<hr \/>\n\n\n\nJTSA\/William Davidson School of Education 2013\n<em>Experiential educator and publisher, encouraging the maturation of creativity, compassion, and curiosity through innovative teaching and craft.<\/em>\n\nUniversity of Cincinnati\/DAAP 2004, AICP 2007\n<em>Certified community planner with exceptional GIS, technical writing, IT consulting, and research experience to revitalize communities, conserve resources, and preserve environments.<\/em>\n\n \n\n<tr>\n\n<td colspan=2><\/td>\n\n \n\n<td><a href=\"http:\/\/aharon.varady.net\/PORTFOLIO.pdf\" target=\"_blank\" rel=\"noopener\">Portfolio Summary<\/a> (pdf)<\/td>\n\n <\/tr>\n\n\n<\/table>\n\n --><\/p>\n<hr \/>\n<p style=\"text-align: left;\"><a href=\"https:\/\/aharon.varady.net\/omphalos\/wp-content\/uploads\/2023\/06\/Aharon-Varadys-Resume-2023.pdf\" target=\"_blank\" rel=\"noopener\">Resum\u00e9<\/a> (PDF). <em>References available upon request<\/em>.<\/p>\n","protected":false},"excerpt":{"rendered":"<p>AHARON N. VARADY <\/p>\n<p style=\"text-align: left;\">Resum\u00e9 (PDF). References available upon request.<\/p>\n<p> <span style=\"color:#777\"> . . . &rarr; Continue reading: <a href=\"https:\/\/aharon.varady.net\/omphalos\/resume\">Resum\u00e9<\/a><\/span><\/p>\n","protected":false},"author":1,"featured_media":3410,"parent":0,"menu_order":20,"comment_status":"closed","ping_status":"closed","template":"","meta":{"jetpack_post_was_ever_published":false,"footnotes":""},"class_list":["post-268","page","type-page","status-publish","has-post-thumbnail","hentry","odd"],"yoast_head":"<!-- This site is optimized with the Yoast SEO plugin v27.1.1 - https:\/\/yoast.com\/product\/yoast-seo-wordpress\/ -->\n<title>Resum\u00e9 &#8226; Aharon&#039;s Omphalos<\/title>\n<meta name=\"robots\" content=\"index, follow, max-snippet:-1, max-image-preview:large, max-video-preview:-1\" \/>\n<link rel=\"canonical\" href=\"https:\/\/aharon.varady.net\/omphalos\/resume\" \/>\n<meta property=\"og:locale\" content=\"en_US\" \/>\n<meta property=\"og:type\" content=\"article\" \/>\n<meta property=\"og:title\" content=\"Resum\u00e9 &#8226; Aharon&#039;s Omphalos\" \/>\n<meta property=\"og:description\" content=\"AHARON N. VARADY Resum\u00e9 (PDF). References available upon request. . . . &rarr; Continue reading: Resum\u00e9\" \/>\n<meta property=\"og:url\" content=\"https:\/\/aharon.varady.net\/omphalos\/resume\" \/>\n<meta property=\"og:site_name\" content=\"Aharon&#039;s Omphalos\" \/>\n<meta property=\"article:publisher\" content=\"http:\/\/facebook.com\/aharonium\" \/>\n<meta property=\"article:modified_time\" content=\"2023-06-27T17:13:31+00:00\" \/>\n<meta property=\"og:image\" content=\"https:\/\/aharon.varady.net\/omphalos\/wp-content\/uploads\/2023\/06\/Aharon-Varady.jpg\" \/>\n\t<meta property=\"og:image:width\" content=\"1061\" \/>\n\t<meta property=\"og:image:height\" content=\"1062\" \/>\n\t<meta property=\"og:image:type\" content=\"image\/jpeg\" \/>\n<meta name=\"twitter:card\" content=\"summary_large_image\" \/>\n<meta name=\"twitter:site\" content=\"@aharonium\" \/>\n<script type=\"application\/ld+json\" class=\"yoast-schema-graph\">{\"@context\":\"https:\/\/schema.org\",\"@graph\":[{\"@type\":\"WebPage\",\"@id\":\"https:\/\/aharon.varady.net\/omphalos\/resume\",\"url\":\"https:\/\/aharon.varady.net\/omphalos\/resume\",\"name\":\"Resum\u00e9 &#8226; Aharon&#039;s Omphalos\",\"isPartOf\":{\"@id\":\"https:\/\/aharon.varady.net\/omphalos\/#website\"},\"primaryImageOfPage\":{\"@id\":\"https:\/\/aharon.varady.net\/omphalos\/resume#primaryimage\"},\"image\":{\"@id\":\"https:\/\/aharon.varady.net\/omphalos\/resume#primaryimage\"},\"thumbnailUrl\":\"https:\/\/aharon.varady.net\/omphalos\/wp-content\/uploads\/2023\/06\/Aharon-Varady.jpg\",\"datePublished\":\"2008-09-27T18:09:22+00:00\",\"dateModified\":\"2023-06-27T17:13:31+00:00\",\"breadcrumb\":{\"@id\":\"https:\/\/aharon.varady.net\/omphalos\/resume#breadcrumb\"},\"inLanguage\":\"en-US\",\"potentialAction\":[{\"@type\":\"ReadAction\",\"target\":[\"https:\/\/aharon.varady.net\/omphalos\/resume\"]}]},{\"@type\":\"ImageObject\",\"inLanguage\":\"en-US\",\"@id\":\"https:\/\/aharon.varady.net\/omphalos\/resume#primaryimage\",\"url\":\"https:\/\/aharon.varady.net\/omphalos\/wp-content\/uploads\/2023\/06\/Aharon-Varady.jpg\",\"contentUrl\":\"https:\/\/aharon.varady.net\/omphalos\/wp-content\/uploads\/2023\/06\/Aharon-Varady.jpg\",\"width\":1061,\"height\":1062},{\"@type\":\"BreadcrumbList\",\"@id\":\"https:\/\/aharon.varady.net\/omphalos\/resume#breadcrumb\",\"itemListElement\":[{\"@type\":\"ListItem\",\"position\":1,\"name\":\"Home\",\"item\":\"https:\/\/aharon.varady.net\/omphalos\/contact\"},{\"@type\":\"ListItem\",\"position\":2,\"name\":\"Resum\u00e9\"}]},{\"@type\":\"WebSite\",\"@id\":\"https:\/\/aharon.varady.net\/omphalos\/#website\",\"url\":\"https:\/\/aharon.varady.net\/omphalos\/\",\"name\":\"Aharon's Omphalos\",\"description\":\"spinning navel lint into fine yarn\",\"publisher\":{\"@id\":\"https:\/\/aharon.varady.net\/omphalos\/#\/schema\/person\/995b8f7b388fb460e5204034604079f5\"},\"potentialAction\":[{\"@type\":\"SearchAction\",\"target\":{\"@type\":\"EntryPoint\",\"urlTemplate\":\"https:\/\/aharon.varady.net\/omphalos\/?s={search_term_string}\"},\"query-input\":{\"@type\":\"PropertyValueSpecification\",\"valueRequired\":true,\"valueName\":\"search_term_string\"}}],\"inLanguage\":\"en-US\"},{\"@type\":[\"Person\",\"Organization\"],\"@id\":\"https:\/\/aharon.varady.net\/omphalos\/#\/schema\/person\/995b8f7b388fb460e5204034604079f5\",\"name\":\"Aharon N. Varady\",\"image\":{\"@type\":\"ImageObject\",\"inLanguage\":\"en-US\",\"@id\":\"https:\/\/aharon.varady.net\/omphalos\/#\/schema\/person\/image\/\",\"url\":\"https:\/\/aharon.varady.net\/omphalos\/wp-content\/uploads\/2023\/06\/Aharon-Varady.jpg\",\"contentUrl\":\"https:\/\/aharon.varady.net\/omphalos\/wp-content\/uploads\/2023\/06\/Aharon-Varady.jpg\",\"width\":1061,\"height\":1062,\"caption\":\"Aharon N. Varady\"},\"logo\":{\"@id\":\"https:\/\/aharon.varady.net\/omphalos\/#\/schema\/person\/image\/\"},\"description\":\"Aharon's Omphalos is the hobbit hole of Aharon Varady, founding director of the Open Siddur Project. He is a community planner and environmental educator working to improve stewardship of the Public Domain, be it the physical and natural commons of urban park systems or the creative and cultural commons of libraries and museums. His advocacy for open-source strategies in the Jewish community has been written about in the Atlantic Magazine, the Yiddish Forverts, Tablet, and Haaretz. He is particularly interested in pedagogies for advancing ecological wisdom, developing creative and emotional intelligence, and realizing effective theurgical praxes. He welcomes your comments, personal messages, and kind words. If you find his work helpful to your own or you'd simply like to support him, please consider donating via his Patreon account.\",\"sameAs\":[\"https:\/\/aharon.varady.net\",\"http:\/\/facebook.com\/aharonium\",\"https:\/\/x.com\/http:\/\/twitter.com\/aharonium\"]}]}<\/script>\n<!-- \/ Yoast SEO plugin. -->","yoast_head_json":{"title":"Resum\u00e9 &#8226; Aharon&#039;s Omphalos","robots":{"index":"index","follow":"follow","max-snippet":"max-snippet:-1","max-image-preview":"max-image-preview:large","max-video-preview":"max-video-preview:-1"},"canonical":"https:\/\/aharon.varady.net\/omphalos\/resume","og_locale":"en_US","og_type":"article","og_title":"Resum\u00e9 &#8226; Aharon&#039;s Omphalos","og_description":"AHARON N. VARADY Resum\u00e9 (PDF). References available upon request. . . . &rarr; Continue reading: Resum\u00e9","og_url":"https:\/\/aharon.varady.net\/omphalos\/resume","og_site_name":"Aharon&#039;s Omphalos","article_publisher":"http:\/\/facebook.com\/aharonium","article_modified_time":"2023-06-27T17:13:31+00:00","og_image":[{"width":1061,"height":1062,"url":"https:\/\/aharon.varady.net\/omphalos\/wp-content\/uploads\/2023\/06\/Aharon-Varady.jpg","type":"image\/jpeg"}],"twitter_card":"summary_large_image","twitter_site":"@aharonium","schema":{"@context":"https:\/\/schema.org","@graph":[{"@type":"WebPage","@id":"https:\/\/aharon.varady.net\/omphalos\/resume","url":"https:\/\/aharon.varady.net\/omphalos\/resume","name":"Resum\u00e9 &#8226; Aharon&#039;s Omphalos","isPartOf":{"@id":"https:\/\/aharon.varady.net\/omphalos\/#website"},"primaryImageOfPage":{"@id":"https:\/\/aharon.varady.net\/omphalos\/resume#primaryimage"},"image":{"@id":"https:\/\/aharon.varady.net\/omphalos\/resume#primaryimage"},"thumbnailUrl":"https:\/\/aharon.varady.net\/omphalos\/wp-content\/uploads\/2023\/06\/Aharon-Varady.jpg","datePublished":"2008-09-27T18:09:22+00:00","dateModified":"2023-06-27T17:13:31+00:00","breadcrumb":{"@id":"https:\/\/aharon.varady.net\/omphalos\/resume#breadcrumb"},"inLanguage":"en-US","potentialAction":[{"@type":"ReadAction","target":["https:\/\/aharon.varady.net\/omphalos\/resume"]}]},{"@type":"ImageObject","inLanguage":"en-US","@id":"https:\/\/aharon.varady.net\/omphalos\/resume#primaryimage","url":"https:\/\/aharon.varady.net\/omphalos\/wp-content\/uploads\/2023\/06\/Aharon-Varady.jpg","contentUrl":"https:\/\/aharon.varady.net\/omphalos\/wp-content\/uploads\/2023\/06\/Aharon-Varady.jpg","width":1061,"height":1062},{"@type":"BreadcrumbList","@id":"https:\/\/aharon.varady.net\/omphalos\/resume#breadcrumb","itemListElement":[{"@type":"ListItem","position":1,"name":"Home","item":"https:\/\/aharon.varady.net\/omphalos\/contact"},{"@type":"ListItem","position":2,"name":"Resum\u00e9"}]},{"@type":"WebSite","@id":"https:\/\/aharon.varady.net\/omphalos\/#website","url":"https:\/\/aharon.varady.net\/omphalos\/","name":"Aharon's Omphalos","description":"spinning navel lint into fine yarn","publisher":{"@id":"https:\/\/aharon.varady.net\/omphalos\/#\/schema\/person\/995b8f7b388fb460e5204034604079f5"},"potentialAction":[{"@type":"SearchAction","target":{"@type":"EntryPoint","urlTemplate":"https:\/\/aharon.varady.net\/omphalos\/?s={search_term_string}"},"query-input":{"@type":"PropertyValueSpecification","valueRequired":true,"valueName":"search_term_string"}}],"inLanguage":"en-US"},{"@type":["Person","Organization"],"@id":"https:\/\/aharon.varady.net\/omphalos\/#\/schema\/person\/995b8f7b388fb460e5204034604079f5","name":"Aharon N. Varady","image":{"@type":"ImageObject","inLanguage":"en-US","@id":"https:\/\/aharon.varady.net\/omphalos\/#\/schema\/person\/image\/","url":"https:\/\/aharon.varady.net\/omphalos\/wp-content\/uploads\/2023\/06\/Aharon-Varady.jpg","contentUrl":"https:\/\/aharon.varady.net\/omphalos\/wp-content\/uploads\/2023\/06\/Aharon-Varady.jpg","width":1061,"height":1062,"caption":"Aharon N. Varady"},"logo":{"@id":"https:\/\/aharon.varady.net\/omphalos\/#\/schema\/person\/image\/"},"description":"Aharon's Omphalos is the hobbit hole of Aharon Varady, founding director of the Open Siddur Project. He is a community planner and environmental educator working to improve stewardship of the Public Domain, be it the physical and natural commons of urban park systems or the creative and cultural commons of libraries and museums. His advocacy for open-source strategies in the Jewish community has been written about in the Atlantic Magazine, the Yiddish Forverts, Tablet, and Haaretz. He is particularly interested in pedagogies for advancing ecological wisdom, developing creative and emotional intelligence, and realizing effective theurgical praxes. He welcomes your comments, personal messages, and kind words. If you find his work helpful to your own or you'd simply like to support him, please consider donating via his Patreon account.","sameAs":["https:\/\/aharon.varady.net","http:\/\/facebook.com\/aharonium","https:\/\/x.com\/http:\/\/twitter.com\/aharonium"]}]}},"jetpack_shortlink":"https:\/\/wp.me\/PgdGV-4k","jetpack-related-posts":[{"id":611,"url":"https:\/\/aharon.varady.net\/omphalos\/","url_meta":{"origin":268,"position":0},"title":"Untitled Post","author":"Aharon N. Varady","date":"January 7, 2009","format":false,"excerpt":"","rel":"","context":"In &quot;Reports from the Front&quot;","block_context":{"text":"Reports from the Front","link":"https:\/\/aharon.varady.net\/omphalos\/category\/adventure"},"img":{"alt_text":"","src":"","width":0,"height":0},"classes":[]},{"id":2195,"url":"https:\/\/aharon.varady.net\/omphalos\/navel-gazers","url_meta":{"origin":268,"position":1},"title":"Guestbook","author":"Aharon N. Varady","date":"May 9, 2016","format":false,"excerpt":"[gwolle_gb]","rel":"","context":"Similar post","block_context":{"text":"Similar post","link":""},"img":{"alt_text":"","src":"","width":0,"height":0},"classes":[]},{"id":97,"url":"https:\/\/aharon.varady.net\/omphalos\/more-words","url_meta":{"origin":268,"position":2},"title":"More Words","author":"Aharon N. Varady","date":"May 11, 2008","format":false,"excerpt":"Looking to read more by me or about me beyond the confines of this blog? Say no more. Below: links to my books and articles as well as a few interviews, mostly in relation to open-source Judaism and the Open Siddur Project. Public History Bond Hill: Origin and Transformation of\u2026","rel":"","context":"In &quot;Reports from the Front&quot;","block_context":{"text":"Reports from the Front","link":"https:\/\/aharon.varady.net\/omphalos\/category\/adventure"},"img":{"alt_text":"","src":"https:\/\/i0.wp.com\/aharon.varady.net\/omphalos\/wp-content\/uploads\/2008\/09\/bond-hill-cover-thumbnail-230x300.jpg?resize=350%2C200","width":350,"height":200},"classes":[]},{"id":96,"url":"https:\/\/aharon.varady.net\/omphalos\/hulloa","url_meta":{"origin":268,"position":3},"title":"Welcome to my home here\u2026","author":"Aharon N. Varady","date":"May 11, 2008","format":false,"excerpt":"Welcome to my home here on the Internet, a space I use to jot down thoughts and comments and ideas to be synthesized later. Less a personal journal of my life and psyche and more of a portal into a sort of personal no\u00f6sphere - a meta-brain for storage and\u2026","rel":"","context":"In &quot;Reports from the Front&quot;","block_context":{"text":"Reports from the Front","link":"https:\/\/aharon.varady.net\/omphalos\/category\/adventure"},"img":{"alt_text":"","src":"https:\/\/i0.wp.com\/aharon.varady.net\/omphalos\/wp-content\/uploads\/2008\/05\/aharons-omphalos.png?resize=350%2C200&ssl=1","width":350,"height":200,"srcset":"https:\/\/i0.wp.com\/aharon.varady.net\/omphalos\/wp-content\/uploads\/2008\/05\/aharons-omphalos.png?resize=350%2C200&ssl=1 1x, https:\/\/i0.wp.com\/aharon.varady.net\/omphalos\/wp-content\/uploads\/2008\/05\/aharons-omphalos.png?resize=525%2C300&ssl=1 1.5x, https:\/\/i0.wp.com\/aharon.varady.net\/omphalos\/wp-content\/uploads\/2008\/05\/aharons-omphalos.png?resize=700%2C400&ssl=1 2x, https:\/\/i0.wp.com\/aharon.varady.net\/omphalos\/wp-content\/uploads\/2008\/05\/aharons-omphalos.png?resize=1050%2C600&ssl=1 3x"},"classes":[]}],"_links":{"self":[{"href":"https:\/\/aharon.varady.net\/omphalos\/wp-json\/wp\/v2\/pages\/268","targetHints":{"allow":["GET"]}}],"collection":[{"href":"https:\/\/aharon.varady.net\/omphalos\/wp-json\/wp\/v2\/pages"}],"about":[{"href":"https:\/\/aharon.varady.net\/omphalos\/wp-json\/wp\/v2\/types\/page"}],"author":[{"embeddable":true,"href":"https:\/\/aharon.varady.net\/omphalos\/wp-json\/wp\/v2\/users\/1"}],"replies":[{"embeddable":true,"href":"https:\/\/aharon.varady.net\/omphalos\/wp-json\/wp\/v2\/comments?post=268"}],"version-history":[{"count":49,"href":"https:\/\/aharon.varady.net\/omphalos\/wp-json\/wp\/v2\/pages\/268\/revisions"}],"predecessor-version":[{"id":3415,"href":"https:\/\/aharon.varady.net\/omphalos\/wp-json\/wp\/v2\/pages\/268\/revisions\/3415"}],"wp:featuredmedia":[{"embeddable":true,"href":"https:\/\/aharon.varady.net\/omphalos\/wp-json\/wp\/v2\/media\/3410"}],"wp:attachment":[{"href":"https:\/\/aharon.varady.net\/omphalos\/wp-json\/wp\/v2\/media?parent=268"}],"curies":[{"name":"wp","href":"https:\/\/api.w.org\/{rel}","templated":true}]}}